{"id":934,"date":"2025-02-04T17:17:17","date_gmt":"2025-02-04T17:17:17","guid":{"rendered":"https:\/\/lalibertadoeste.gob.sv\/?page_id=934"},"modified":"2025-05-05T16:51:05","modified_gmt":"2025-05-05T16:51:05","slug":"fiestas-patronales-de-lourdes","status":"publish","type":"page","link":"https:\/\/lalibertadoeste.gob.sv\/index.php\/fiestas-patronales-de-lourdes\/","title":{"rendered":"Fiestas Patronales de Lourdes"},"content":{"rendered":"<p><strong>La Libertad Oeste<\/strong> \u2013 La Alcald\u00eda Municipal de La Libertad Oeste, bajo el liderazgo de la alcaldesa Janet Gonz\u00e1lez, se enorgullece de compartir en la celebraci\u00f3n de nuestras\u00a0<strong>Fiestas Patronales en honor a Nuestra Se\u00f1ora de Lourdes 2025<\/strong>, disfrutando de mucha alegr\u00eda.<\/p>\n","protected":false},"excerpt":{"rendered":"<p>La Libertad Oeste \u2013 La Alcald\u00eda Municipal de La Libertad Oeste, bajo el liderazgo de la alcaldesa Janet Gonz\u00e1lez, se enorgullece de compartir en la celebraci\u00f3n de nuestras\u00a0Fiestas Patronales en honor a Nuestra Se\u00f1ora de Lourdes 2025, disfrutando de mucha alegr\u00eda.<\/p>\n","protected":false},"author":1,"featured_media":904,"parent":0,"menu_order":0,"comment_status":"closed","ping_status":"closed","template":"fiestas","meta":{"footnotes":""},"class_list":["post-934","page","type-page","status-publish","has-post-thumbnail","hentry"],"_links":{"self":[{"href":"https:\/\/lalibertadoeste.gob.sv\/index.php\/wp-json\/wp\/v2\/pages\/934","targetHints":{"allow":["GET"]}}],"collection":[{"href":"https:\/\/lalibertadoeste.gob.sv\/index.php\/wp-json\/wp\/v2\/pages"}],"about":[{"href":"https:\/\/lalibertadoeste.gob.sv\/index.php\/wp-json\/wp\/v2\/types\/page"}],"author":[{"embeddable":true,"href":"https:\/\/lalibertadoeste.gob.sv\/index.php\/wp-json\/wp\/v2\/users\/1"}],"replies":[{"embeddable":true,"href":"https:\/\/lalibertadoeste.gob.sv\/index.php\/wp-json\/wp\/v2\/comments?post=934"}],"version-history":[{"count":3,"href":"https:\/\/lalibertadoeste.gob.sv\/index.php\/wp-json\/wp\/v2\/pages\/934\/revisions"}],"predecessor-version":[{"id":1497,"href":"https:\/\/lalibertadoeste.gob.sv\/index.php\/wp-json\/wp\/v2\/pages\/934\/revisions\/1497"}],"wp:featuredmedia":[{"embeddable":true,"href":"https:\/\/lalibertadoeste.gob.sv\/index.php\/wp-json\/wp\/v2\/media\/904"}],"wp:attachment":[{"href":"https:\/\/lalibertadoeste.gob.sv\/index.php\/wp-json\/wp\/v2\/media?parent=934"}],"curies":[{"name":"wp","href":"https:\/\/api.w.org\/{rel}","templated":true}]}}