{"id":2061,"date":"2025-05-26T15:29:02","date_gmt":"2025-05-26T15:29:02","guid":{"rendered":"https:\/\/lalibertadoeste.gob.sv\/?page_id=2061"},"modified":"2025-05-26T17:51:53","modified_gmt":"2025-05-26T17:51:53","slug":"dia-de-las-madres","status":"publish","type":"page","link":"https:\/\/lalibertadoeste.gob.sv\/index.php\/dia-de-las-madres\/","title":{"rendered":"D\u00eda de las Madres"},"content":{"rendered":"<p>Una celebraci\u00f3n que reflej\u00f3 el amor y la dedicaci\u00f3n de quienes son el pilar de nuestro hogar.<\/p>\n","protected":false},"excerpt":{"rendered":"<p>Una celebraci\u00f3n que reflej\u00f3 el amor y la dedicaci\u00f3n de quienes son el pilar de nuestro hogar.<\/p>\n","protected":false},"author":1,"featured_media":2068,"parent":0,"menu_order":0,"comment_status":"closed","ping_status":"closed","template":"dia-de-la-madre","meta":{"footnotes":""},"class_list":["post-2061","page","type-page","status-publish","has-post-thumbnail","hentry"],"_links":{"self":[{"href":"https:\/\/lalibertadoeste.gob.sv\/index.php\/wp-json\/wp\/v2\/pages\/2061","targetHints":{"allow":["GET"]}}],"collection":[{"href":"https:\/\/lalibertadoeste.gob.sv\/index.php\/wp-json\/wp\/v2\/pages"}],"about":[{"href":"https:\/\/lalibertadoeste.gob.sv\/index.php\/wp-json\/wp\/v2\/types\/page"}],"author":[{"embeddable":true,"href":"https:\/\/lalibertadoeste.gob.sv\/index.php\/wp-json\/wp\/v2\/users\/1"}],"replies":[{"embeddable":true,"href":"https:\/\/lalibertadoeste.gob.sv\/index.php\/wp-json\/wp\/v2\/comments?post=2061"}],"version-history":[{"count":3,"href":"https:\/\/lalibertadoeste.gob.sv\/index.php\/wp-json\/wp\/v2\/pages\/2061\/revisions"}],"predecessor-version":[{"id":2072,"href":"https:\/\/lalibertadoeste.gob.sv\/index.php\/wp-json\/wp\/v2\/pages\/2061\/revisions\/2072"}],"wp:featuredmedia":[{"embeddable":true,"href":"https:\/\/lalibertadoeste.gob.sv\/index.php\/wp-json\/wp\/v2\/media\/2068"}],"wp:attachment":[{"href":"https:\/\/lalibertadoeste.gob.sv\/index.php\/wp-json\/wp\/v2\/media?parent=2061"}],"curies":[{"name":"wp","href":"https:\/\/api.w.org\/{rel}","templated":true}]}}